{"id":47188,"date":"2025-06-18T18:59:49","date_gmt":"2025-06-18T18:59:49","guid":{"rendered":"https:\/\/theme-dev.cmsmasters.net\/cargo-trucking\/?page_id=47188"},"modified":"2026-01-21T13:27:43","modified_gmt":"2026-01-21T13:27:43","slug":"impressum","status":"publish","type":"page","link":"https:\/\/rs-logitrans.de\/?page_id=47188","title":{"rendered":"Impressum"},"content":{"rendered":"\t\t<div data-elementor-type=\"wp-page\" data-elementor-id=\"47188\" class=\"elementor elementor-47188\">\n\t\t\t\t<div class=\"elementor-element elementor-element-ec9f725 e-con-full e-flex cmsmasters-block-default e-con e-parent\" data-id=\"ec9f725\" data-element_type=\"container\" data-settings=\"{&quot;background_background&quot;:&quot;classic&quot;}\">\n\t\t\t\t<div data-animation-type=\"block\" class=\"animation_type_block elementor-element elementor-element-2b7c555 cmsmasters-line-clamp-no cmsmasters-color-variation-default cmsmasters-pointer-none animation_type_block cmsmasters-block-default cmsmasters-sticky-default elementor-invisible elementor-widget elementor-widget-cmsmasters-page-title cmsmasters-widget-title\" data-animation-stagger=\"200\" data-separate-animation-selector=\".cmsmasters-widget-title__heading\" data-text-animation-class=\"sequental, random, line, word, char\" data-id=\"2b7c555\" data-element_type=\"widget\" data-settings=\"{&quot;_animation&quot;:&quot;cmsmasters-fade-in-up&quot;}\" data-widget_type=\"cmsmasters-page-title.default\">\n\t\t\t\t\t<h1 class=\"entry-title cmsmasters-widget-title__heading \">Archiv<\/h1>\t\t\t\t<\/div>\n\t\t<div class=\"elementor-element elementor-element-7c0b5dd e-con-full cmsmasters-effect cmsmasters-effect-type-transform e-flex cmsmasters-effect-hover-type-element cmsmasters-block-default e-con e-child\" data-id=\"7c0b5dd\" data-element_type=\"container\" data-settings=\"{&quot;background_background&quot;:&quot;classic&quot;,&quot;position&quot;:&quot;absolute&quot;,&quot;cms_transform_hover_type&quot;:&quot;element&quot;}\">\n\t\t\t\t<\/div>\n\t\t\t\t<\/div>\n\t\t<div class=\"elementor-element elementor-element-e128c3d e-flex e-con-boxed cmsmasters-block-default e-con e-parent\" data-id=\"e128c3d\" data-element_type=\"container\">\n\t\t\t\t\t<div class=\"e-con-inner\">\n\t\t\t\t<div class=\"elementor-element elementor-element-618528e cmsmasters-block-default cmsmasters-sticky-default elementor-widget elementor-widget-text-editor\" data-id=\"618528e\" data-element_type=\"widget\" data-widget_type=\"text-editor.default\">\n\t\t\t\t\t\t\t\t\t<p data-start=\"401\" data-end=\"480\"><strong data-start=\"401\" data-end=\"440\">Angaben gem\u00e4\u00df \u00a7 5 DDG und \u00a7 18 MStV<\/strong><\/p>\n<p data-start=\"482\" data-end=\"588\"><strong data-start=\"482\" data-end=\"498\">R+S LogiTrans UG (haftungsbeschr\u00e4nkt)<\/strong><br data-start=\"498\" data-end=\"501\">Inhaber:<\/p>\n<p data-start=\"482\" data-end=\"588\"><strong data-start=\"535\" data-end=\"558\">R+S LogiTrans UG (haftungsbeschr\u00e4nkt)<\/strong><br data-start=\"532\" data-end=\"535\"><strong data-start=\"535\" data-end=\"558\">Schwalbenweg 9<\/strong><br data-start=\"558\" data-end=\"561\"><strong data-start=\"561\" data-end=\"574\">33758 Schlo\u00df-Holte<\/strong><br data-start=\"574\" data-end=\"577\">Deutschland<\/p>\n<p data-start=\"590\" data-end=\"664\"><strong data-start=\"590\" data-end=\"602\">Kontakt:<\/strong><br data-start=\"602\" data-end=\"605\">Telefon: <strong data-start=\"614\" data-end=\"633\">01797282758<\/strong><br data-start=\"633\" data-end=\"636\">E-Mail: <strong data-start=\"644\" data-end=\"664\">rslogitrans@gmail.com<\/strong><\/p>\n<p data-start=\"666\" data-end=\"779\"><strong data-start=\"666\" data-end=\"686\">Umsatzsteuer-ID:<\/strong><br data-start=\"686\" data-end=\"689\">Umsatzsteuer-Identifikationsnummer gem\u00e4\u00df \u00a7 27a UStG: <strong data-start=\"742\" data-end=\"759\">[Folgt]<\/strong>&nbsp;<\/p>\n<p data-start=\"781\" data-end=\"929\"><strong data-start=\"781\" data-end=\"801\">Registereintrag:<\/strong>&nbsp;<br data-start=\"827\" data-end=\"830\">Eintragung im Handelsregister.<br data-start=\"860\" data-end=\"863\">Registergericht: <strong data-start=\"880\" data-end=\"899\">Amtsgericht Bielefeld<\/strong><br data-start=\"899\" data-end=\"902\">Registernummer: <strong data-start=\"918\" data-end=\"929\">HRB 46334<\/strong><\/p>\n<hr data-start=\"1161\" data-end=\"1164\">\n<h2 data-start=\"1166\" data-end=\"1188\">Haftung f\u00fcr Inhalte<\/h2>\n<p data-start=\"1189\" data-end=\"1401\">Als Diensteanbieter sind wir gem\u00e4\u00df den allgemeinen Gesetzen f\u00fcr eigene Inhalte auf diesen Seiten verantwortlich. Wir \u00fcbernehmen jedoch keine Gew\u00e4hr f\u00fcr die Richtigkeit, Vollst\u00e4ndigkeit und Aktualit\u00e4t der Inhalte.<\/p>\n<h2 data-start=\"1403\" data-end=\"1423\">Haftung f\u00fcr Links<\/h2>\n<p data-start=\"1424\" data-end=\"1619\">Unsere Website enth\u00e4lt ggf. Links zu externen Websites Dritter. Auf die Inhalte dieser Seiten haben wir keinen Einfluss. Deshalb k\u00f6nnen wir f\u00fcr diese fremden Inhalte auch keine Gew\u00e4hr \u00fcbernehmen.<\/p>\n<h2 data-start=\"1621\" data-end=\"1636\">Urheberrecht<\/h2>\n<p data-start=\"1637\" data-end=\"1881\">Die durch den Seitenbetreiber erstellten Inhalte und Werke auf dieser Website unterliegen dem deutschen Urheberrecht. Jede Art der Verwertung au\u00dferhalb der Grenzen des Urheberrechts bedarf der schriftlichen Zustimmung des jeweiligen Erstellers.<\/p>\t\t\t\t\t\t\t\t<\/div>\n\t\t\t\t\t<\/div>\n\t\t\t\t<\/div>\n\t\t\t\t<\/div>\n\t\t","protected":false},"excerpt":{"rendered":"<p>Angaben gem\u00e4\u00df \u00a7 5 DDG und \u00a7 18 MStV R+S LogiTrans UG (haftungsbeschr\u00e4nkt)Inhaber: R+S LogiTrans UG (haftungsbeschr\u00e4nkt)Schwalbenweg 933758 Schlo\u00df-HolteDeutschland Kontakt:Telefon: 01797282758E-Mail: rslogitrans@gmail.com Umsatzsteuer-ID:Umsatzsteuer-Identifikationsnummer gem\u00e4\u00df \u00a7 27a UStG: [Folgt]&nbsp; Registereintrag:&nbsp;Eintragung im Handelsregister.Registergericht: Amtsgericht BielefeldRegisternummer: HRB 46334 Haftung f\u00fcr Inhalte Als Diensteanbieter sind wir gem\u00e4\u00df den allgemeinen Gesetzen f\u00fcr eigene Inhalte auf diesen Seiten verantwortlich. Wir \u00fcbernehmen&#8230;<\/p>\n","protected":false},"author":1,"featured_media":0,"parent":0,"menu_order":0,"comment_status":"closed","ping_status":"closed","template":"","meta":{"_acf_changed":false,"footnotes":""},"class_list":["post-47188","page","type-page","status-publish","hentry"],"acf":[],"_links":{"self":[{"href":"https:\/\/rs-logitrans.de\/index.php?rest_route=\/wp\/v2\/pages\/47188","targetHints":{"allow":["GET"]}}],"collection":[{"href":"https:\/\/rs-logitrans.de\/index.php?rest_route=\/wp\/v2\/pages"}],"about":[{"href":"https:\/\/rs-logitrans.de\/index.php?rest_route=\/wp\/v2\/types\/page"}],"author":[{"embeddable":true,"href":"https:\/\/rs-logitrans.de\/index.php?rest_route=\/wp\/v2\/users\/1"}],"replies":[{"embeddable":true,"href":"https:\/\/rs-logitrans.de\/index.php?rest_route=%2Fwp%2Fv2%2Fcomments&post=47188"}],"version-history":[{"count":16,"href":"https:\/\/rs-logitrans.de\/index.php?rest_route=\/wp\/v2\/pages\/47188\/revisions"}],"predecessor-version":[{"id":51346,"href":"https:\/\/rs-logitrans.de\/index.php?rest_route=\/wp\/v2\/pages\/47188\/revisions\/51346"}],"wp:attachment":[{"href":"https:\/\/rs-logitrans.de\/index.php?rest_route=%2Fwp%2Fv2%2Fmedia&parent=47188"}],"curies":[{"name":"wp","href":"https:\/\/api.w.org\/{rel}","templated":true}]}}