{"id":47448,"date":"2025-06-19T12:04:58","date_gmt":"2025-06-19T12:04:58","guid":{"rendered":"https:\/\/theme-dev.cmsmasters.net\/cargo-trucking\/?page_id=47448"},"modified":"2026-01-19T17:26:35","modified_gmt":"2026-01-19T17:26:35","slug":"contacts","status":"publish","type":"page","link":"https:\/\/rs-logitrans.de\/?page_id=47448","title":{"rendered":"Contacts"},"content":{"rendered":"\t\t<div data-elementor-type=\"wp-page\" data-elementor-id=\"47448\" class=\"elementor elementor-47448\">\n\t\t\t\t<div class=\"elementor-element elementor-element-367a520 e-con-full e-flex cmsmasters-bg-hide-none cmsmasters-bg-hide-none cmsmasters-block-default e-con e-parent\" data-id=\"367a520\" data-element_type=\"container\" data-settings=\"{&quot;background_background&quot;:&quot;classic&quot;}\">\n\t\t<div class=\"elementor-element elementor-element-72128b0 e-con-full e-flex cmsmasters-block-default e-con e-child\" data-id=\"72128b0\" data-element_type=\"container\">\n\t\t\t\t<div class=\"elementor-element elementor-element-59b441f elementor-widget__width-initial cmsmasters-block-default cmsmasters-sticky-default elementor-invisible elementor-widget elementor-widget-heading\" data-id=\"59b441f\" data-element_type=\"widget\" data-settings=\"{&quot;_animation&quot;:&quot;cmsmasters-fade-in-up&quot;}\" data-widget_type=\"heading.default\">\n\t\t\t\t\t<h1 class=\"elementor-heading-title elementor-size-default\">Konraktiere uns einfach Online <\/h1>\t\t\t\t<\/div>\n\t\t\t\t<\/div>\n\t\t<div class=\"elementor-element elementor-element-7c494ef e-con-full e-flex cmsmasters-block-default e-con e-child\" data-id=\"7c494ef\" data-element_type=\"container\">\n\t\t\t\t<div class=\"elementor-element elementor-element-b79bbd2 cmsmasters-block-default cmsmasters-sticky-default elementor-invisible elementor-widget elementor-widget-text-editor\" data-id=\"b79bbd2\" data-element_type=\"widget\" data-settings=\"{&quot;_animation&quot;:&quot;cmsmasters-fade-in-left&quot;,&quot;_animation_delay&quot;:300}\" data-widget_type=\"text-editor.default\">\n\t\t\t\t\t\t\t\t\t<p>Sie m\u00f6chten eine Expressfahrt anfragen oder ben\u00f6tigen kurzfristig einen Kurier? Kontaktieren Sie uns \u2013 wir beraten Sie schnell und unkompliziert..<\/p>\t\t\t\t\t\t\t\t<\/div>\n\t\t<div class=\"elementor-element elementor-element-180689a e-con-full e-flex cmsmasters-block-default e-con e-child\" data-id=\"180689a\" data-element_type=\"container\">\n\t\t\t\t<div class=\"elementor-element elementor-element-d9fc62e cmsmasters-button-mobile-align-left cmsmasters-block-default cmsmasters-sticky-default elementor-invisible elementor-widget elementor-widget-cmsmasters-button\" data-id=\"d9fc62e\" data-element_type=\"widget\" data-settings=\"{&quot;_animation&quot;:&quot;cmsmasters-pop-in&quot;,&quot;_animation_delay&quot;:600}\" data-widget_type=\"cmsmasters-button.default\">\n\t\t\t\t\t<div class=\"elementor-widget-cmsmasters-button__button-container\"><div class=\"elementor-widget-cmsmasters-button__button-container-inner\"><a href=\"https:\/\/rs-logitrans.de\/?page_id=47630\" class=\"cmsmasters-button-link elementor-widget-cmsmasters-button__button cmsmasters-icon-view- cmsmasters-icon-shape- cmsmasters-button-size-sm\" role=\"button\" tabindex=\"0\"><span class=\"elementor-widget-cmsmasters-button__content-wrapper cmsmasters-align-icon-\"><span class=\"elementor-widget-cmsmasters-button__text\">\u00dcber uns<\/span><\/span><\/a><\/div><\/div>\t\t\t\t<\/div>\n\t\t\t\t<div data-animation-type=\"block\" class=\"animation_type_block elementor-element elementor-element-29ffb9d cmsmasters-featured-box__graphic-align-left cmsmasters-featured-box__link-box cmsmasters-featured-box__graphic-align-mobile-center cmsmasters-featured-box__text-valign-middle animation_type_block cmsmasters-block-default cmsmasters-sticky-default elementor-invisible elementor-widget elementor-widget-cmsmasters-featured-box\" data-animation-stagger=\"200\" data-separate-animation-selector=\".elementor-widget-cmsmasters-featured-box__icon-wrap, .elementor-widget-cmsmasters-featured-box__image-wrap, .elementor-widget-cmsmasters-featured-box__title, .elementor-widget-cmsmasters-featured-box__description, .elementor-widget-cmsmasters-featured-box__button-wrapper\" data-text-animation-class=\"sequental, random\" data-id=\"29ffb9d\" data-element_type=\"widget\" data-settings=\"{&quot;_animation&quot;:&quot;cmsmasters-fade-in-left&quot;,&quot;_animation_delay&quot;:900}\" data-widget_type=\"cmsmasters-featured-box.default\">\n\t\t\t\t\t<a href=\"tel:%20+0800%202336%207811\" class=\"elementor-widget-cmsmasters-featured-box__wrapper\"><div class=\"elementor-widget-cmsmasters-featured-box__content\">\r\n\t\t\t\t<div class=\"elementor-widget-cmsmasters-featured-box__content-vertical-inner\"><div class=\"elementor-widget-cmsmasters-featured-box__type-wrap elementor-widget-cmsmasters-featured-box__content-item\"><h6 class=\"elementor-widget-cmsmasters-featured-box__title elementor-widget-cmsmasters-featured-box__content-item\">Schreib uns eine Mail<\/h6><div class=\"elementor-widget-cmsmasters-featured-box__description elementor-widget-cmsmasters-featured-box__content-item\">rslogitrans@gmail.com<\/div><\/div>\r\n\t\t\t\t<\/div>\r\n\t\t\t<\/div>\r\n\t\t<\/a>\t\t\t\t<\/div>\n\t\t\t\t<\/div>\n\t\t\t\t<\/div>\n\t\t<div class=\"elementor-element elementor-element-ba5d23e e-con-full cmsmasters-effect cmsmasters-effect-type-transform e-flex cmsmasters-effect-hover-type-element cmsmasters-block-default e-con e-child\" data-id=\"ba5d23e\" data-element_type=\"container\" data-settings=\"{&quot;background_background&quot;:&quot;classic&quot;,&quot;position&quot;:&quot;absolute&quot;,&quot;cms_transform_hover_type&quot;:&quot;element&quot;}\">\n\t\t\t\t<\/div>\n\t\t\t\t<\/div>\n\t\t<div class=\"elementor-element elementor-element-06afc10 e-flex e-con-boxed cmsmasters-block-default e-con e-parent\" data-id=\"06afc10\" data-element_type=\"container\">\n\t\t\t\t\t<div class=\"e-con-inner\">\n\t\t<div class=\"elementor-element elementor-element-8c029db e-con-full e-grid cmsmasters-block-default e-con e-child\" data-id=\"8c029db\" data-element_type=\"container\">\n\t\t\t\t<div class=\"elementor-element elementor-element-15f6013 elementor-widget__width-initial elementor-widget-widescreen__width-initial cmsmasters-block-default cmsmasters-sticky-default elementor-invisible elementor-widget elementor-widget-heading\" data-id=\"15f6013\" data-element_type=\"widget\" data-settings=\"{&quot;_animation&quot;:&quot;cmsmasters-fade-in-up&quot;}\" data-widget_type=\"heading.default\">\n\t\t\t\t\t<h2 class=\"elementor-heading-title elementor-size-default\">Kontakt Information<\/h2>\t\t\t\t<\/div>\n\t\t\t\t<div class=\"elementor-element elementor-element-c4a320b cmsmasters-block-default cmsmasters-sticky-default elementor-invisible elementor-widget elementor-widget-heading\" data-id=\"c4a320b\" data-element_type=\"widget\" data-settings=\"{&quot;_animation&quot;:&quot;cmsmasters-fade-in-up&quot;,&quot;_animation_delay&quot;:150}\" data-widget_type=\"heading.default\">\n\t\t\t\t\t<p class=\"elementor-heading-title elementor-size-default\">Wir freuen uns von dir zu h\u00f6ren ! <\/p>\t\t\t\t<\/div>\n\t\t<div class=\"elementor-element elementor-element-bd3542d e-flex e-con-boxed cmsmasters-block-default e-con e-child\" data-id=\"bd3542d\" data-element_type=\"container\">\n\t\t\t\t\t<div class=\"e-con-inner\">\n\t\t<div class=\"elementor-element elementor-element-5326ac5 e-con-full e-flex cmsmasters-block-default e-con e-child\" data-id=\"5326ac5\" data-element_type=\"container\">\n\t\t\t\t<div class=\"elementor-element elementor-element-7d99112 cmsmasters-block-default cmsmasters-sticky-default elementor-invisible elementor-widget elementor-widget-heading\" data-id=\"7d99112\" data-element_type=\"widget\" data-settings=\"{&quot;_animation&quot;:&quot;cmsmasters-fade-in-up&quot;,&quot;_animation_delay&quot;:150}\" data-widget_type=\"heading.default\">\n\t\t\t\t\t<h6 class=\"elementor-heading-title elementor-size-default\">Address:<\/h6>\t\t\t\t<\/div>\n\t\t\t\t<div class=\"elementor-element elementor-element-4f36fec cmsmasters-block-default cmsmasters-sticky-default elementor-invisible elementor-widget elementor-widget-text-editor\" data-id=\"4f36fec\" data-element_type=\"widget\" data-settings=\"{&quot;_animation&quot;:&quot;cmsmasters-fade-in-up&quot;,&quot;_animation_delay&quot;:300}\" data-widget_type=\"text-editor.default\">\n\t\t\t\t\t\t\t\t\t<p>Schwalbenweg 9\u00a0<\/p><p>33758 Schlo\u00df-Holte Stukenbrock<\/p>\t\t\t\t\t\t\t\t<\/div>\n\t\t\t\t<\/div>\n\t\t\t\t\t<\/div>\n\t\t\t\t<\/div>\n\t\t\t\t<\/div>\n\t\t<div class=\"elementor-element elementor-element-77a05f1 e-con-full e-flex cmsmasters-block-default e-con e-child\" data-id=\"77a05f1\" data-element_type=\"container\">\n\t\t\t\t<div class=\"elementor-element elementor-element-9ee06ac cmsmasters-block-default cmsmasters-sticky-default elementor-widget elementor-widget-google_maps\" data-id=\"9ee06ac\" data-element_type=\"widget\" data-widget_type=\"google_maps.default\">\n\t\t\t\t\t\t\t<div class=\"elementor-custom-embed\">\n\t\t\t<iframe loading=\"lazy\"\n\t\t\t\t\tsrc=\"https:\/\/maps.google.com\/maps?q=Schwalbenweg%209%20%2C%2033758%20Schlo%C3%9F%20Holte&#038;t=m&#038;z=10&#038;output=embed&#038;iwloc=near\"\n\t\t\t\t\ttitle=\"Schwalbenweg 9 , 33758 Schlo\u00df Holte\"\n\t\t\t\t\taria-label=\"Schwalbenweg 9 , 33758 Schlo\u00df Holte\"\n\t\t\t><\/iframe>\n\t\t<\/div>\n\t\t\t\t\t\t<\/div>\n\t\t\t\t<\/div>\n\t\t\t\t\t<\/div>\n\t\t\t\t<\/div>\n\t\t<div class=\"elementor-element elementor-element-5c7e3f7 e-flex e-con-boxed cmsmasters-block-default e-con e-parent\" data-id=\"5c7e3f7\" data-element_type=\"container\">\n\t\t\t\t\t<div class=\"e-con-inner\">\n\t\t<div class=\"elementor-element elementor-element-dc48c2b e-con-full e-flex cmsmasters-block-default e-con e-child\" data-id=\"dc48c2b\" data-element_type=\"container\">\n\t\t\t\t<div class=\"elementor-element elementor-element-2e786d5 cmsmasters-clip-path-yes cmsmasters-block-default cmsmasters-sticky-default elementor-widget elementor-widget-image\" data-id=\"2e786d5\" data-element_type=\"widget\" data-widget_type=\"image.default\">\n\t\t\t\t\t\t\t\t\t\t\t\t\t\t\t<img fetchpriority=\"high\" decoding=\"async\" width=\"590\" height=\"700\" src=\"https:\/\/rs-logitrans.de\/wp-content\/uploads\/2025\/06\/66-contacts-4.webp\" class=\"attachment-full size-full wp-image-47268\" alt=\"\" srcset=\"https:\/\/rs-logitrans.de\/wp-content\/uploads\/2025\/06\/66-contacts-4.webp 590w, https:\/\/rs-logitrans.de\/wp-content\/uploads\/2025\/06\/66-contacts-4-253x300.webp 253w\" sizes=\"(max-width: 590px) 100vw, 590px\" \/>\t\t\t\t\t\t\t\t\t\t\t\t\t\t\t<\/div>\n\t\t\t\t<\/div>\n\t\t<div class=\"elementor-element elementor-element-38e2899 e-con-full e-flex cmsmasters-block-default e-con e-child\" data-id=\"38e2899\" data-element_type=\"container\">\n\t\t\t\t<div class=\"elementor-element elementor-element-ef1153f cmsmasters-block-default cmsmasters-sticky-default elementor-invisible elementor-widget elementor-widget-heading\" data-id=\"ef1153f\" data-element_type=\"widget\" data-settings=\"{&quot;_animation&quot;:&quot;cmsmasters-fade-in-up&quot;}\" data-widget_type=\"heading.default\">\n\t\t\t\t\t<h2 class=\"elementor-heading-title elementor-size-default\">Wir suchen Dich!<\/h2>\t\t\t\t<\/div>\n\t\t\t\t<div class=\"elementor-element elementor-element-253011e cmsmasters-block-default cmsmasters-sticky-default elementor-invisible elementor-widget elementor-widget-text-editor\" data-id=\"253011e\" data-element_type=\"widget\" data-settings=\"{&quot;_animation&quot;:&quot;cmsmasters-fade-in-up&quot;,&quot;_animation_delay&quot;:150}\" data-widget_type=\"text-editor.default\">\n\t\t\t\t\t\t\t\t\t<p>Du bist zuverl\u00e4ssig, p\u00fcnktlich und gern unterwegs? Dann bewirb dich bei RS Logitrans \u2013 wir suchen Fahrer (m\/w\/d) f\u00fcr Kurier- und Expressfahrten.<\/p>\t\t\t\t\t\t\t\t<\/div>\n\t\t\t\t<div class=\"elementor-element elementor-element-a60d7ad cmsmasters-block-default cmsmasters-sticky-default elementor-widget elementor-widget-cmsmasters-forminator\" data-id=\"a60d7ad\" data-element_type=\"widget\" data-settings=\"{&quot;form_list&quot;:&quot;95&quot;}\" data-widget_type=\"cmsmasters-forminator.default\">\n\t\t\t\t\t<div class=\"elementor-widget-cmsmasters-contact-form__wrapper elementor-widget-cmsmasters-contact-form cmsmasters-default-color cmsmasters-default-font\" id=\"cmsmasters-widget-form-a60d7ad\">\r\n\t\t\t<div class=\"elementor-widget-cmsmasters-contact-form__inner\"><div class=\"forminator-ui forminator-custom-form forminator-custom-form-95 forminator-design--default forminator-custom forminator_ajax\" data-forminator-render=\"0\" data-form=\"forminator-module-95\" data-uid=\"69d2957bd6821\"><br\/><\/div><form\n\t\t\t\tid=\"forminator-module-95\"\n\t\t\t\tclass=\"forminator-ui forminator-custom-form forminator-custom-form-95 forminator-design--default forminator-custom forminator_ajax\"\n\t\t\t\tmethod=\"post\"\n\t\t\t\tdata-forminator-render=\"0\"\n\t\t\t\tdata-form-id=\"95\"\n\t\t\t\t data-color-option=\"default\" data-design=\"default\" data-grid=\"custom\" style=\"display: none;\"\n\t\t\t\tdata-uid=\"69d2957bd6821\"\n\t\t\t><div role=\"alert\" aria-live=\"polite\" class=\"forminator-response-message forminator-error\" aria-hidden=\"true\"><\/div><div class=\"forminator-row\"><div id=\"name-1\" class=\"forminator-field-name forminator-col forminator-col-6 \"><div class=\"forminator-field\"><input type=\"text\" name=\"name-1\" value=\"\" placeholder=\"Name\" id=\"forminator-field-name-1_69d2957bd6821\" class=\"forminator-input forminator-name--field\" aria-required=\"false\" autocomplete=\"name\" \/><\/div><\/div><div id=\"email-1\" class=\"forminator-field-email forminator-col forminator-col-6 \"><div class=\"forminator-field\"><input type=\"email\" name=\"email-1\" value=\"\" placeholder=\"E-Mail\" id=\"forminator-field-email-1_69d2957bd6821\" class=\"forminator-input forminator-email--field\" data-required=\"\" aria-required=\"false\" autocomplete=\"email\" \/><\/div><\/div><\/div><div class=\"forminator-row\"><div id=\"textarea-1\" class=\"forminator-field-textarea forminator-col forminator-col-12 \"><div class=\"forminator-field\"><textarea name=\"textarea-1\" placeholder=\"Your Message\" id=\"forminator-field-textarea-1_69d2957bd6821\" class=\"forminator-textarea\" rows=\"6\" style=\"min-height:140px;\" ><\/textarea><\/div><\/div><\/div><input type=\"hidden\" name=\"referer_url\" value=\"\" \/><div class=\"forminator-row forminator-row-last\"><div class=\"forminator-col\"><div class=\"forminator-field\"><button class=\"forminator-button forminator-button-submit\">Senden<\/button><\/div><\/div><\/div><input type=\"hidden\" id=\"forminator_nonce\" name=\"forminator_nonce\" value=\"d822e03110\" \/><input type=\"hidden\" name=\"_wp_http_referer\" value=\"\/index.php?rest_route=%2Fwp%2Fv2%2Fpages%2F47448\" \/><input type=\"hidden\" name=\"form_id\" value=\"95\"><input type=\"hidden\" name=\"page_id\" value=\"47448\"><input type=\"hidden\" name=\"form_type\" value=\"default\"><input type=\"hidden\" name=\"current_url\" value=\"https:\/\/rs-logitrans.de\/?page_id=47448\"><input type=\"hidden\" name=\"render_id\" value=\"0\"><input type=\"hidden\" name=\"action\" value=\"forminator_submit_form_custom-forms\"><\/form><\/div>\r\n\t\t<\/div>\t\t\t\t<\/div>\n\t\t\t\t<\/div>\n\t\t\t\t\t<\/div>\n\t\t\t\t<\/div>\n\t\t\t\t<\/div>\n\t\t","protected":false},"excerpt":{"rendered":"<p>Konraktiere uns einfach Online Sie m\u00f6chten eine Expressfahrt anfragen oder ben\u00f6tigen kurzfristig einen Kurier? Kontaktieren Sie uns \u2013 wir beraten Sie schnell und unkompliziert.. \u00dcber uns Schreib uns eine Mail rslogitrans@gmail.com Kontakt Information Wir freuen uns von dir zu h\u00f6ren ! Address: Schwalbenweg 9\u00a0 33758 Schlo\u00df-Holte Stukenbrock Wir suchen Dich! Du bist zuverl\u00e4ssig, p\u00fcnktlich und&#8230;<\/p>\n","protected":false},"author":2,"featured_media":0,"parent":0,"menu_order":0,"comment_status":"closed","ping_status":"closed","template":"","meta":{"_acf_changed":false,"footnotes":""},"class_list":["post-47448","page","type-page","status-publish","hentry"],"acf":[],"_links":{"self":[{"href":"https:\/\/rs-logitrans.de\/index.php?rest_route=\/wp\/v2\/pages\/47448","targetHints":{"allow":["GET"]}}],"collection":[{"href":"https:\/\/rs-logitrans.de\/index.php?rest_route=\/wp\/v2\/pages"}],"about":[{"href":"https:\/\/rs-logitrans.de\/index.php?rest_route=\/wp\/v2\/types\/page"}],"author":[{"embeddable":true,"href":"https:\/\/rs-logitrans.de\/index.php?rest_route=\/wp\/v2\/users\/2"}],"replies":[{"embeddable":true,"href":"https:\/\/rs-logitrans.de\/index.php?rest_route=%2Fwp%2Fv2%2Fcomments&post=47448"}],"version-history":[{"count":37,"href":"https:\/\/rs-logitrans.de\/index.php?rest_route=\/wp\/v2\/pages\/47448\/revisions"}],"predecessor-version":[{"id":51306,"href":"https:\/\/rs-logitrans.de\/index.php?rest_route=\/wp\/v2\/pages\/47448\/revisions\/51306"}],"wp:attachment":[{"href":"https:\/\/rs-logitrans.de\/index.php?rest_route=%2Fwp%2Fv2%2Fmedia&parent=47448"}],"curies":[{"name":"wp","href":"https:\/\/api.w.org\/{rel}","templated":true}]}}